{"id":4992,"date":"2022-06-27T11:55:43","date_gmt":"2022-06-27T16:55:43","guid":{"rendered":"http:\/\/capethemes.com\/demo\/cityofwp\/?page_id=4992"},"modified":"2022-06-27T12:34:09","modified_gmt":"2022-06-27T17:34:09","slug":"about","status":"publish","type":"page","link":"https:\/\/cormensuli.com\/index.php\/about\/","title":{"rendered":"Quienes somos"},"content":{"rendered":"\n<div class=\"wp-container-3 wp-block-columns\">\n<div class=\"wp-container-1 wp-block-column\" style=\"flex-basis:33.33%\"><div class=\"wp-block-image\">\n<figure class=\"aligncenter size-full\"><img loading=\"lazy\" width=\"640\" height=\"480\" src=\"http:\/\/cormensuli.com\/wp-content\/uploads\/2022\/06\/Quienes_somos.jpg\" alt=\"\" class=\"wp-image-5316\" srcset=\"https:\/\/cormensuli.com\/wp-content\/uploads\/2022\/06\/Quienes_somos.jpg 640w, https:\/\/cormensuli.com\/wp-content\/uploads\/2022\/06\/Quienes_somos-300x225.jpg 300w, https:\/\/cormensuli.com\/wp-content\/uploads\/2022\/06\/Quienes_somos-299x225.jpg 299w\" sizes=\"(max-width: 640px) 100vw, 640px\" \/><\/figure><\/div><\/div>\n\n\n\n<div class=\"wp-container-2 wp-block-column\" style=\"flex-basis:66.66%\">\n<h2 class=\"has-text-align-left has-text-color has-large-font-size\" style=\"color:#008000\"><strong>\u00bfQu\u00e9 es Cormensul\u00ed?<\/strong><\/h2>\n\n\n\n<p>CORMENSULI es una corporaci\u00f3n sin \u00e1nimo de lucro cuyo objeto es propender y asegurar el desarrollo integral del valle de Mensul\u00ed, con amplia participaci\u00f3n de la comunidad, que cuenta con representaci\u00f3n legal y registro mercantil de la C\u00e1mara de Comercio n\u00famero 05-502353-30 de 1999\/03\/03 e identificaci\u00f3n Tributaria \u2013 NIT- 804.007.730.CORMENSULI es una corporaci\u00f3n sin \u00e1nimo de lucro cuyo objeto es propender y asegurar el desarrollo integral del valle de Mensul\u00ed, con amplia participaci\u00f3n de la comunidad, que cuenta con representaci\u00f3n legal y registro mercantil de la C\u00e1mara de Comercio n\u00famero 05-502353-30 de 1999\/03\/03 e identificaci\u00f3n Tributaria \u2013 NIT- 804.007.730.<\/p>\n<\/div>\n<\/div>\n\n\n\n<h2 class=\"has-text-color has-large-font-size\" style=\"color:#008000\"><strong>Visi\u00f3n<\/strong><\/h2>\n\n\n\n<p>En el 2021 seremos una organizaci\u00f3n de referencia de desarrollo, reconocida por su capacidad de gesti\u00f3n, mediaci\u00f3n e influencia en pro del progreso integral del valle con participaci\u00f3n de toda la comunidad.<\/p>\n\n\n\n<h2 class=\"has-text-color has-large-font-size\" style=\"color:#008000\"><strong>Misi\u00f3n<\/strong><\/h2>\n\n\n\n<p>Cormensuli es una organizaci\u00f3n incluyente sin \u00e1nimo de lucro que busca mejorar las condiciones de vida de la comunidad ubicada en el valle de Mensul\u00ed.<\/p>\n\n\n\n<h2 class=\"has-text-color has-large-font-size\" style=\"color:#008000\"><strong>Ventajas y beneficios<\/strong><\/h2>\n\n\n\n<p>Con esta representaci\u00f3n legal y el registro de la C\u00e1mara de Comercio n\u00famero 05-502353-30 de 1999\/03\/03 e identificaci\u00f3n Tributaria \u2013 NIT 804.007.730, seremos los interlocutores v\u00e1lidos porque aglutinamos el pensamiento de la comunidad sobre el beneficio com\u00fan ante los entes oficiales, buscando soluci\u00f3n a los problemas del \u00e1rea.<\/p>\n\n\n\n<p>Lograr la representaci\u00f3n en los entes decisorios de orden municipal y metropolitano. Ejemplo, en la comisi\u00f3n de estudio de revisi\u00f3n del POT, del impuesto a la plusval\u00eda y estratificaci\u00f3n, entre otras.<\/p>\n\n\n\n<h2 class=\"has-text-color has-large-font-size\" style=\"color:#008000\"><strong>Principios<\/strong><\/h2>\n\n\n\n<ul><li>Transparencia<\/li><li>\u00c9tica<\/li><li>Cooperaci\u00f3n<\/li><li>Pertenencia<\/li><li>Liderazgo<\/li><li>Creatividad<\/li><li>Equidad<\/li><li>Inclusi\u00f3n<\/li><li>Altruismo<\/li><li>Independencia<\/li><\/ul>\n","protected":false},"excerpt":{"rendered":"<p class=\"teaser\">\u00bfQu\u00e9 es Cormensul\u00ed? CORMENSULI es una corporaci\u00f3n sin \u00e1nimo de lucro cuyo objeto es propender y asegurar el desarrollo integral del valle de Mensul\u00ed, con amplia participaci\u00f3n de la comunidad, que cuenta con representaci\u00f3n legal y registro mercantil de la C\u00e1mara de Comercio n\u00famero 05-502353-30 de 1999\/03\/03 e identificaci\u00f3n Tributaria \u2013 NIT- 804.007.730.CORMENSULI es una &hellip;<\/p>\n","protected":false},"author":1,"featured_media":5058,"parent":0,"menu_order":0,"comment_status":"closed","ping_status":"closed","template":"template-fullwidth.php","meta":{"om_disable_all_campaigns":false,"_monsterinsights_skip_tracking":false,"_monsterinsights_sitenote_active":false,"_monsterinsights_sitenote_note":"","_monsterinsights_sitenote_category":0},"aioseo_notices":[],"_links":{"self":[{"href":"https:\/\/cormensuli.com\/index.php\/wp-json\/wp\/v2\/pages\/4992"}],"collection":[{"href":"https:\/\/cormensuli.com\/index.php\/wp-json\/wp\/v2\/pages"}],"about":[{"href":"https:\/\/cormensuli.com\/index.php\/wp-json\/wp\/v2\/types\/page"}],"author":[{"embeddable":true,"href":"https:\/\/cormensuli.com\/index.php\/wp-json\/wp\/v2\/users\/1"}],"replies":[{"embeddable":true,"href":"https:\/\/cormensuli.com\/index.php\/wp-json\/wp\/v2\/comments?post=4992"}],"version-history":[{"count":14,"href":"https:\/\/cormensuli.com\/index.php\/wp-json\/wp\/v2\/pages\/4992\/revisions"}],"predecessor-version":[{"id":5340,"href":"https:\/\/cormensuli.com\/index.php\/wp-json\/wp\/v2\/pages\/4992\/revisions\/5340"}],"wp:featuredmedia":[{"embeddable":true,"href":"https:\/\/cormensuli.com\/index.php\/wp-json\/wp\/v2\/media\/5058"}],"wp:attachment":[{"href":"https:\/\/cormensuli.com\/index.php\/wp-json\/wp\/v2\/media?parent=4992"}],"curies":[{"name":"wp","href":"https:\/\/api.w.org\/{rel}","templated":true}]}}