{"id":5343,"date":"2022-06-27T12:34:55","date_gmt":"2022-06-27T17:34:55","guid":{"rendered":"https:\/\/cormensuli.com\/?page_id=5343"},"modified":"2022-06-29T09:04:09","modified_gmt":"2022-06-29T14:04:09","slug":"conformacion-de-la-corporacion","status":"publish","type":"page","link":"https:\/\/cormensuli.com\/index.php\/conformacion-de-la-corporacion\/","title":{"rendered":"Conformaci\u00f3n de la corporaci\u00f3n"},"content":{"rendered":"<div class=\"wp-block-image\">\n<figure class=\"aligncenter size-full\"><img loading=\"lazy\" width=\"688\" height=\"407\" src=\"https:\/\/cormensuli.com\/wp-content\/uploads\/2022\/06\/image-2.png\" alt=\"\" class=\"wp-image-5354\" srcset=\"https:\/\/cormensuli.com\/wp-content\/uploads\/2022\/06\/image-2.png 688w, https:\/\/cormensuli.com\/wp-content\/uploads\/2022\/06\/image-2-300x177.png 300w\" sizes=\"(max-width: 688px) 100vw, 688px\" \/><\/figure><\/div>\n\n\n<h2 class=\"has-text-color has-large-font-size\" style=\"color:#008000\"><strong>\u00bfQui\u00e9nes conforman Cormensul\u00ed?<\/strong><\/h2>\n\n\n\n<p>Principalmente los habitantes de su \u00e1mbito territorial, que cubre las veredas, de Los Cauchos municipio de Floridablanca, Mensul\u00ed y La Mata del municipio de Piedecuesta, zona de Manzanares y Tablanca y dem\u00e1s sectores que requieren de Cormensul\u00ed como en el caso del municipio de Floridablanca, en sectores de la zona de la autopista, en el \u00e1rea comprendida por el Norte desde el puente de Aranzoque y por el sur hasta el R\u00edo Lato del municipio de Piedecuesta.<\/p>\n","protected":false},"excerpt":{"rendered":"<p class=\"teaser\">\u00bfQui\u00e9nes conforman Cormensul\u00ed? Principalmente los habitantes de su \u00e1mbito territorial, que cubre las veredas, de Los Cauchos municipio de Floridablanca, Mensul\u00ed y La Mata del municipio de Piedecuesta, zona de Manzanares y Tablanca y dem\u00e1s sectores que requieren de Cormensul\u00ed como en el caso del municipio de Floridablanca, en sectores de la zona de la &hellip;<\/p>\n","protected":false},"author":1,"featured_media":0,"parent":0,"menu_order":0,"comment_status":"closed","ping_status":"closed","template":"template-fullwidth.php","meta":{"om_disable_all_campaigns":false,"_monsterinsights_skip_tracking":false,"_monsterinsights_sitenote_active":false,"_monsterinsights_sitenote_note":"","_monsterinsights_sitenote_category":0},"aioseo_notices":[],"_links":{"self":[{"href":"https:\/\/cormensuli.com\/index.php\/wp-json\/wp\/v2\/pages\/5343"}],"collection":[{"href":"https:\/\/cormensuli.com\/index.php\/wp-json\/wp\/v2\/pages"}],"about":[{"href":"https:\/\/cormensuli.com\/index.php\/wp-json\/wp\/v2\/types\/page"}],"author":[{"embeddable":true,"href":"https:\/\/cormensuli.com\/index.php\/wp-json\/wp\/v2\/users\/1"}],"replies":[{"embeddable":true,"href":"https:\/\/cormensuli.com\/index.php\/wp-json\/wp\/v2\/comments?post=5343"}],"version-history":[{"count":2,"href":"https:\/\/cormensuli.com\/index.php\/wp-json\/wp\/v2\/pages\/5343\/revisions"}],"predecessor-version":[{"id":5356,"href":"https:\/\/cormensuli.com\/index.php\/wp-json\/wp\/v2\/pages\/5343\/revisions\/5356"}],"wp:attachment":[{"href":"https:\/\/cormensuli.com\/index.php\/wp-json\/wp\/v2\/media?parent=5343"}],"curies":[{"name":"wp","href":"https:\/\/api.w.org\/{rel}","templated":true}]}}